{"id":16255,"date":"2017-07-21T07:33:59","date_gmt":"2017-07-21T07:33:59","guid":{"rendered":"http:\/\/esorib.com\/?page_id=16255"},"modified":"2017-09-04T09:45:11","modified_gmt":"2017-09-04T09:45:11","slug":"promociones-master-prostodoncia-y-oclusion","status":"publish","type":"page","link":"http:\/\/esorib.com\/index.php\/memoria-anual\/promociones-master-prostodoncia-y-oclusion\/","title":{"rendered":"Promociones M\u00e1ster Prostodoncia y Oclusi\u00f3n"},"content":{"rendered":"<p>[vc_row css_animation=\u00bb\u00bb row_type=\u00bbrow\u00bb use_row_as_full_screen_section=\u00bbno\u00bb type=\u00bbfull_width\u00bb angled_section=\u00bbno\u00bb text_align=\u00bbleft\u00bb background_image_as_pattern=\u00bbwithout_pattern\u00bb][vc_column width=\u00bb1\/4&#8243;]<div class='service_table_holder'><ul class='service_table_inner'><li class='service_table_title_holder background_color_type' style=''><div class='service_table_title_inner'><div class='service_table_title_inner2'><\/div><\/div><\/li><li class='service_table_content' style=''><\/p>\n<ul>\n<li style=\"text-align: left;\"><span style=\"color: #008000;\"><strong><a style=\"color: #008000;\" href=\"#\">Memorias<\/a><\/strong><\/span><\/li>\n<li style=\"text-align: left;\"><span style=\"color: #008000;\"><a style=\"color: #008000;\" href=\"\/index.php\/memoria-anual\/promociones-master-implantologia-y-rehabilitacion-oral\/\"><b>Promociones Master Implantologia y Rehabilitaci\u00f3n Oral<\/b><\/a><\/span><\/li>\n<li style=\"text-align: left;\"><span style=\"color: #174a81;\"><a style=\"color: #174a81;\" href=\"\/index.php\/memoria-anual\/promociones-master-prostodoncia-y-oclusion\/\"><b>Promociones Master Prostodoncia y Oclusi\u00f3n<\/b><\/a><\/span><\/li>\n<li style=\"text-align: left;\"><span style=\"color: #008000;\"><a style=\"color: #008000;\" href=\"\/index.php\/memoria-anual\/promociones-postgrado-new-york-university\/\"><b>Promociones Postgrado New York University<\/b><\/a><\/span><\/li>\n<li style=\"text-align: left;\"><span style=\"color: #008000;\"><a style=\"color: #008000;\" href=\"\/index.php\/memoria-anual\/promociones-diploma-universitario-paris-xii\/\"><b>Promociones Diploma Universitario Paris XII<\/b><\/a><\/span><\/li>\n<\/ul>\n<p><\/li><\/ul><\/div>[\/vc_column][vc_column width=\u00bb3\/4&#8243;][vc_column_text]<\/p>\n<h3 style=\"text-align: center;\">Promociones M\u00e1ster Prostodoncia y Oclusi\u00f3n<\/h3>\n<p>[\/vc_column_text][vc_empty_space][vc_accordion active_tab=\u00bbfalse\u00bb collapsible=\u00bbyes\u00bb style=\u00bbaccordion\u00bb][vc_accordion_tab title=\u00bbXIX Promoci\u00f3n M\u00e1ster Prostodoncia y oclusi\u00f3n\u00bb][vc_column_text]<\/p>\n<ul>\n<li>Jonathan Cusinato Ballest\u00e9<\/li>\n<li>Elisa Isabel Bru Navarro<\/li>\n<li>Addys de R\u00edoPe\u00f3n<\/li>\n<li>Gozaine Fanarraga Yuste<\/li>\n<li>Miriam Galea Zamora<\/li>\n<li>Guillermo Garcia Pardellas<\/li>\n<li>Marta Giner Herrero<\/li>\n<li>M\u00aa. Macarena Linares REcatala<\/li>\n<li>Marina L\u00f3pezVacas<\/li>\n<li>Marina Macias Garc\u00eda<\/li>\n<li>Marta MallagarayUrgoiti<\/li>\n<li>Luis Manteca Fern\u00e1ndez<\/li>\n<li>Ana Mar\u00edn Aguado<\/li>\n<li>Cristina Pol Bach-Jensen<\/li>\n<li>Alvaro Pons-Fuster del R\u00edo<\/li>\n<li>Eliana Rubio Gerez<\/li>\n<li>Ana Maria S\u00e1nchez Mart\u00ednez<\/li>\n<li>Diana Tezza Garc\u00eda<\/li>\n<li>Maria Austral\u00eda Ventura Checo<\/li>\n<li>Gorka Chavarri Iba\u00f1ez<\/li>\n<\/ul>\n<p>[\/vc_column_text][\/vc_accordion_tab][vc_accordion_tab title=\u00bbXVIII Promoci\u00f3n M\u00e1ster Prostodoncia y oclusi\u00f3n\u00bb][vc_column_text]<\/p>\n<ul>\n<li>Mar\u00eda Aquino Puerta<\/li>\n<li>Geidys Cabrera Cruz<\/li>\n<li>B\u00e1rbara Rodriguez Fern\u00e1ndez<\/li>\n<li>Mar\u00eda Yolanda Rodriguez Mart\u00edn<\/li>\n<li>Gozaine Fanarraga Yuste<\/li>\n<\/ul>\n<p>[\/vc_column_text][\/vc_accordion_tab][vc_accordion_tab title=\u00bbXVII Promoci\u00f3n M\u00e1ster Prostodoncia y oclusi\u00f3n\u00bb][vc_column_text]<\/p>\n<ul>\n<li>Carlos P\u00e9rez-Albacete Martinez<\/li>\n<li>Adriana VAlencia Perdomo<\/li>\n<li>MacarenaLoreto Fonseca Perea<\/li>\n<li>Rosa Vadillo Ortega<\/li>\n<li>Beatriz Kim Yoon<\/li>\n<li>Marisol Martienz RodriguezA<\/li>\n<li>Ignacio Colombo de Giusseppe<\/li>\n<li>Alvaro Bermejo Garc\u00eda<\/li>\n<li>Estefan\u00eda G\u00f3mez Rueda<\/li>\n<li>Carmen Marco Hern\u00e1ndez<\/li>\n<li>Leticia Juan Ruiz<\/li>\n<li>Marta Blanquer Ferri<\/li>\n<li>Marinell Aslan Labbad<\/li>\n<li>Gema Dominguez Santamar\u00eda<\/li>\n<li>Luc\u00eda De la MorenaSegura<\/li>\n<li>Ignacio Martinez Nu\u00f1ez<\/li>\n<li>Rosa Mar\u00eda S\u00e1nchez P\u00e9rez<\/li>\n<li>Juan Manuel Molina Gonz\u00e1lez<\/li>\n<li>Daniel Zabala<\/li>\n<\/ul>\n<p>[\/vc_column_text][\/vc_accordion_tab][vc_accordion_tab title=\u00bbXVI Promoci\u00f3n M\u00e1ster Prostodoncia y oclusi\u00f3n\u00bb][vc_column_text]<\/p>\n<ul>\n<li>Remedios Olivares Sanabria<\/li>\n<li>Vanesa Hontecillas Moreno<\/li>\n<li>Sandra Bego\u00f1a Alonso Polo<\/li>\n<li>Yanira L\u00f3pez Garc\u00eda<\/li>\n<li>Virginia Serna Merino<\/li>\n<li>Ariadna D\u00edaz Mancha<\/li>\n<li>Jos\u00e9 M\u00aa. Zabala Rodicio<\/li>\n<li>Elena Baeza Mart\u00edn<\/li>\n<li>Ricardo Zambon<\/li>\n<li>Virginia Fern\u00e1ndez Rojo<\/li>\n<li>M\u00aa. Isabel Rama Delgado<\/li>\n<li>Lorena Caro Catedra<\/li>\n<li>Pilar Tarragona P\u00e9rez<\/li>\n<li>Gustavo Segura Andres<\/li>\n<li>Ana Alonso Sanchez<\/li>\n<li>M\u00aa. Gemma Pelillo de Frutos<\/li>\n<li>Diana Ruiz Ortega<\/li>\n<\/ul>\n<p>[\/vc_column_text][\/vc_accordion_tab][vc_accordion_tab title=\u00bbXV Promoci\u00f3n M\u00e1ster Prostodoncia y oclusi\u00f3n\u00bb][vc_column_text]<\/p>\n<ul>\n<li>Paula L\u00f3pez Cerdeira<\/li>\n<li>Natalia Ortega Minguez<\/li>\n<li>Diego Dominguez S\u00e1nchez<\/li>\n<li>Iciar Goberna Carlon<\/li>\n<li>Mariela Gavidia Juarez<\/li>\n<li>Paula O\u00f1ate Alfaro<\/li>\n<li>Gaspar Adrover Tomas<\/li>\n<li>Barbara Mora Zuriaga<\/li>\n<li>Ricardo Ilzarbe Cervera<\/li>\n<li>Paloma Marin Guerrero<\/li>\n<li>Sofia Arag\u00f3n Rodriguez<\/li>\n<li>Miriam Plaza P\u00e9rez<\/li>\n<li>M\u00aa. Cristina Adrover Jaume<\/li>\n<li>Sara Plaza P\u00e9rez<\/li>\n<li>Ainhoa Zulueta Marin<\/li>\n<li>Cristina Navarro Jim\u00e9nez<\/li>\n<li>Carlos Almendro Muries<\/li>\n<li>Paula S\u00e1nchez Yanquez<\/li>\n<\/ul>\n<p>[\/vc_column_text][\/vc_accordion_tab][vc_accordion_tab title=\u00bbXIV Promoci\u00f3n M\u00e1ster Prostodoncia y oclusi\u00f3n\u00bb][vc_column_text]<\/p>\n<ul>\n<li>Jorge Esteban Mora<\/li>\n<li>Jos\u00e9 Antonio S\u00e1nchez Espinel<\/li>\n<li>Jos\u00e9 Miguel Delgado Buisan<\/li>\n<li>Silvia Comin P\u00e9rez<\/li>\n<li>Pedro Pia Pascual<\/li>\n<li>Seven Teeth, S.L.<\/li>\n<li>Alejandro Reverte Lorenzo<\/li>\n<li>Jes\u00fas Alonso Guijarro<\/li>\n<li>Mar\u00eda Jesus Ugarte Sierra<\/li>\n<li>Jo\u00e9 Antonio L\u00f3pez Alcalde<\/li>\n<li>Maria Pia Torres Martin<\/li>\n<li>Gonzalo Barraza Illanes<\/li>\n<li>Elizabeth P\u00e9rez Anta<\/li>\n<li>Alvaro Verrier Herreros<\/li>\n<li>Paula Hernandez Biette<\/li>\n<li>Maria Yolanda Getino Gutierrez<\/li>\n<li>Jon Dominguez Casado<\/li>\n<li>Alberto Garcia Gil<\/li>\n<li>Diana Hernandez Meseguer<\/li>\n<li>Blanca L\u00f3pez del Amo Lorente<\/li>\n<li>Jorge S\u00e1nchez Aguado<\/li>\n<li>Karel Alexandra Bolivar Duarte<\/li>\n<li>Jes\u00fas Dami\u00e1n Bayoll Alvarez<\/li>\n<li>Andres Jare\u00f1o Vinssach<\/li>\n<li>Cristina Revuelta Quiros<\/li>\n<li>Araceli Merino Soto<\/li>\n<li>Fernando funes Gonzalez<\/li>\n<li>Cristian Rodriguez-Recio CAnga<\/li>\n<li>Estefania Guillen Morales<\/li>\n<li>Sara Gonzalez Encinas<\/li>\n<li>Garbi\u00f1e Dominguez Rubio<\/li>\n<li>Luis M\u00aa. Ilzarbe Rilpoll<\/li>\n<li>Cl\u00ednica Denteach SLP<\/li>\n<\/ul>\n<p>[\/vc_column_text][\/vc_accordion_tab][vc_accordion_tab title=\u00bbXIII Promoci\u00f3n M\u00e1ster Prostodoncia y oclusi\u00f3n\u00bb][vc_column_text]<\/p>\n<ul>\n<li>MIREN ARANTZAZU ARANZABAL ARAOLAZA<\/li>\n<li>DANIEL TAFUR ELBAZ<\/li>\n<li>JOSE ANTONIO GIL<\/li>\n<li>ALEJANDRO ROCEROP MOURE<\/li>\n<li>PABLO ALVAREZ NU\u00d1O<\/li>\n<li>NURIA BARRIO PEREZ-ARADROS<\/li>\n<li>DAVID CARBAJAL GARCIA<\/li>\n<li>CARLOS GOMEZ MARTIN<\/li>\n<li>M\u00aa. TERESA CUBRIA SANCHEZ<\/li>\n<li>ROCIO MENDEZ SANTOS<\/li>\n<li>LUISA AURA ESPINOZA CONISLLA<\/li>\n<li>VICENTE GIMENO VICENT<\/li>\n<li>OCTAVIO RUIZ DIAZ<\/li>\n<li>PAULA BORDES CORTES<\/li>\n<li>M\u00aa. JOSE MIRAMONTES GONZALEZ<\/li>\n<li>RAQUEL ESCRIBANO LLORENTE<\/li>\n<li>LUIS CASTELLANOS JAL<\/li>\n<li>LUIS MIGUEL MARI\u00d1O ARANA<\/li>\n<li>YENNIFER GOMEZ ORDO\u00d1EZ<\/li>\n<li>JERONIMO RUBIO ROLDAN<\/li>\n<li>JUAN JOSE FERNANDEZ DE ROTA CONDE<\/li>\n<li>M\u00aa. DEL PILAR VAZQUEZ OTERO<\/li>\n<li>NEREA CACERES OERIAS<\/li>\n<li>MARIA FUCI\u00d1OS ALVAREZ<\/li>\n<li>CRISTINA NAVAJAS NIETO<\/li>\n<li>CRISTINA DE O\u00d1A BAQUERO<\/li>\n<li>SUSANA PEREZ DE LA FUENTE<\/li>\n<li>PAULA GOMEZ GARCIA<\/li>\n<li>GOZAINE FANARRAGA YUSTE<\/li>\n<\/ul>\n<p>[\/vc_column_text][\/vc_accordion_tab][vc_accordion_tab title=\u00bbXII Promoci\u00f3n M\u00e1ster Prostodoncia y oclusi\u00f3n\u00bb][vc_column_text]<\/p>\n<ul>\n<li>JOSE M\u00aa. AGUDO ESCUDERO<\/li>\n<li>JUAN BOSCO SUBIRANA IZQUIERDO<\/li>\n<li>JORGE ANDRADE TELLO<\/li>\n<li>MIGUEL NIVELA ANTOLIN<\/li>\n<li>MONICA ACOSTA PERNAS<\/li>\n<li>MARCELO ALEJANDRO GARCIA<\/li>\n<li>VIRGINIA LOPEZ FRIAS<\/li>\n<li>LINA GUALLAR SAUCEDO<\/li>\n<li>CESAR GARCIA ALVAREZ<\/li>\n<li>PALOMA CORTEGOSO GARCIA<\/li>\n<li>VIRNA MARTINEZ CORREA<\/li>\n<li>LAIA GARCIA JIMENO<\/li>\n<li>JOSE MARIA RUBIO FONTCUBERTA<\/li>\n<li>NIURKA FERNANDEZ HERNANDEZ<\/li>\n<li>DANIEL EDUARDO NEMAN<\/li>\n<li>JAIONE IZA PEREZ<\/li>\n<li>RAMON GARCIA CASTILLO<\/li>\n<li>INMACULADA ROBLEDANO GARCIA<\/li>\n<li>MARTA ESCRIBANO TERROSO<\/li>\n<li>CONSUELO ANGELES RODRIGUEZ MARQUEZ<\/li>\n<li>GEMA RAQUEL<\/li>\n<li>JOSE MARIA CASTELLANO NAVARRO<\/li>\n<li>ALICIA AMADOR SANCHEZ<\/li>\n<li>CARLOS MANUEL CABLES CABLES<\/li>\n<li>JESUS COZAR HIDALGO<\/li>\n<li>CARLOS RUIZ JIMENEZ<\/li>\n<li>PATRICIA ORTIZ GOMEZ<\/li>\n<li>FERNANDO JAVIER RINCON GRANADOS<\/li>\n<li>JUAN PABLO DI MEGLIO ARTEAGA<\/li>\n<li>JUAN HERRERO DE PABLOS<\/li>\n<li>NATALIA GARCIA SAN MARTIN<\/li>\n<li>MARCO ANTONIO MARIN CASTRO<\/li>\n<li>JENNY PEREZ ANTA<\/li>\n<\/ul>\n<p>[\/vc_column_text][\/vc_accordion_tab][vc_accordion_tab title=\u00bbXI Promoci\u00f3n M\u00e1ster Prostodoncia y oclusi\u00f3n\u00bb][vc_column_text]<\/p>\n<ul>\n<li>BARBARA SIGUENZA PADILLA<\/li>\n<li>RUTH ILAISA SERRA LOPEZ<\/li>\n<li>BEATRIZ BALDASQUIN CACERES<\/li>\n<li>NANCY CECILIA URIBE PEREZ<\/li>\n<li>ALEJANDRA JOSEFINA ESPINOSA MATEO<\/li>\n<li>TERESA ORTU\u00d1O GOMEZ<\/li>\n<li>FEDERICO CASTILLO GALLEGO<\/li>\n<li>PATRICIA GOMEZ BARNES<\/li>\n<li>RAUL JIMENEZ SOTO<\/li>\n<li>RAQUEL LOPEZ ARSUAGA<\/li>\n<li>LARA NAVARRO MANOSALBAS<\/li>\n<li>FRANCISCO MOLINA MI\u00d1ANO<\/li>\n<li>NURIA CASELLAS CASANOVA<\/li>\n<li>ALVARO HERNANDEZ COBO<\/li>\n<li>LUIS PIA TARAZONA<\/li>\n<li>JUSTO SAUL RIVERA VEGA<\/li>\n<li>EIDER ELORRIAGA UGARTE<\/li>\n<li>MARIANA GARCIA THALLER<\/li>\n<li>JUAN FRANCISCO PIQUERAS GOMEZ<\/li>\n<li>ANTONIO FERNANDEZ DAPICA<\/li>\n<li>LEIRE BILBAO CASADO<\/li>\n<\/ul>\n<p>[\/vc_column_text][\/vc_accordion_tab][vc_accordion_tab title=\u00bbX Promoci\u00f3n M\u00e1ster Prostodoncia y oclusi\u00f3n\u00bb][vc_column_text]<\/p>\n<ul>\n<li>ALEJANDRO HERNANDEZ LORENZO<\/li>\n<li>ANA ARQUES FERNANDEZ<\/li>\n<li>ANNA BORON WIERZBICKA<\/li>\n<li>DIANA GARCIA ZAMBRANO<\/li>\n<li>ELENA GONZALEZ POZO<\/li>\n<li>ELISA PICATOSTE AGUDO<\/li>\n<li>ENRIQUE HERNANDEZ LI\u00d1ANA<\/li>\n<li>GUSTAVO PLAZA LOPEZ<\/li>\n<li>ISABEL CATARINO GOMES GON\u00c7ALVES<\/li>\n<li>JAVIER ANTONIOFERNANDEZ DOVAL<\/li>\n<li>JULIO IGNACIO VILLANUEVA SARMIENTO.<\/li>\n<li>M\u00aa DOLORES CASTELLAR PONCE<\/li>\n<li>MARTA GARCIA GARCIA<\/li>\n<li>MIGUEL RAMON LEAL<\/li>\n<li>NOEMI SALAZAR SANCHEZ<\/li>\n<li>PILAR SALVADORES IRAVEDRA<\/li>\n<li>RUTH ILAISA SERRA LOPEZ.<\/li>\n<li>SABRINA LABORDA PUEBLA.<\/li>\n<\/ul>\n<p>[\/vc_column_text][\/vc_accordion_tab][vc_accordion_tab title=\u00bbIX Promoci\u00f3n M\u00e1ster Prostodoncia y oclusi\u00f3n\u00bb][vc_column_text]<\/p>\n<ul>\n<li>DRA. MARIA CARBONELL DIAZ<\/li>\n<li>DR. BRUNO MIGUEL DOS SANTOS SEABRA<\/li>\n<li>DRA. M\u00aa. DOLORES ESPANTOSO VILLAVERDE<\/li>\n<li>DR. ANTONIO JESUS GAMARRA SANCHEZ<\/li>\n<li>DR. SILVIA GARCIA ELICH<\/li>\n<li>DR. DOMINGO GARCIA GARCIA-REVILLO<\/li>\n<li>DRA. MARIA GARCIA-COMAS RODRIGUEZ<\/li>\n<li>DRA. NATHALIE GOMEZ BORGES<\/li>\n<li>DRA. ANA GONZALEZ DEL TANAGO<\/li>\n<li>DR. ROBERTO ADRIAN HERNANDEZ MARTINEZ<\/li>\n<li>DRA. GABRIELA JOAO LOURENZO LUIS<\/li>\n<li>DRA. MARIA LOURDES LARA<\/li>\n<li>DRA. MERCEDES MARCOS DE PAZ<\/li>\n<li>DR. JOSE MATE SANCHEZ<\/li>\n<li>DR. LUIS MONTIS PELEGAY<\/li>\n<li>DR. ABILIO JORGE NEVES MARTINS<\/li>\n<li>DRA. AYELEN RODRIGUEZ<\/li>\n<li>DRA. BARBARA SIGUENZA PADILLA<\/li>\n<\/ul>\n<p>[\/vc_column_text][\/vc_accordion_tab][vc_accordion_tab title=\u00bbVIII Promoci\u00f3n M\u00e1ster Prostodoncia y oclusi\u00f3n\u00bb][vc_column_text]<\/p>\n<ul>\n<li>DR. GALDER BELOKI GOROSARRI<\/li>\n<li>DR. DAVID CALDERA GOMEZ<\/li>\n<li>DRA. ANA ISABEL CASERO REINA<\/li>\n<li>DRA. VERONICA GARCIA SANCHEZ<\/li>\n<li>DRA. CARMEN GOMEZ GRANADA<\/li>\n<li>DR. SILVIO ADRIAN JAKIMCZUK<\/li>\n<li>DRA. NATHKARI LIBANO ETXEANDIA<\/li>\n<li>DR. FRANCISCO JAVIER MADRO\u00d1AL GUTIERREZ<\/li>\n<li>DRA. M\u00aa ANGELES MATAS CASTILLO<\/li>\n<li>DR. ISAIAS PARRILLA GARCIA<\/li>\n<li>DR. CARLOS PATI\u00d1O MARIN<\/li>\n<li>DRA. MARIA ROMANOS RODRIGUEZ<\/li>\n<li>DRA. CORAL ROMANOS RODRIGUEZ<\/li>\n<li>DR. FERNANDO OSCAR SAGER RAMSEYER<\/li>\n<li>DRA. ESTHER SANCHEZ RODRIGUEZ<\/li>\n<li>DR. MARIANO SANCHEZ SILES<\/li>\n<li>DR. JUAN CARLOS SEPULVEDA HERRUZO<\/li>\n<li>DRA. MARIELA ALEJANDRA TISSOT<\/li>\n<\/ul>\n<p>[\/vc_column_text][\/vc_accordion_tab][vc_accordion_tab title=\u00bbVII Promoci\u00f3n M\u00e1ster Prostodoncia y oclusi\u00f3n\u00bb][vc_column_text]<\/p>\n<ul>\n<li>DRA. INGRID BATISTA \u00abCENTRO DENTAL CUZCO \u00ab<\/li>\n<li>DR. JOSE ACOSTAMEDIAN<\/li>\n<li>DR. JAVIER ACOSTAMEDINA<\/li>\n<li>DR. OSCAR ALONSO EZPELETA<\/li>\n<li>DR. AINGERU ARAMENDIA UNZUE<\/li>\n<li>DRA. VANESA CALVO DE ROFFIGNAC<\/li>\n<li>DRA. ESTHER CANCELA GONZALEZ<\/li>\n<li>DR. HECTOR MANUEL CASTILLO MONJE<\/li>\n<li>DRA. KARINA ELENA CASTRO CASTRO<\/li>\n<li>DRA. BEATRIZ M\u00aa DELGADO PLAZA<\/li>\n<li>DR. GONZALO GARCIA ARIAS<\/li>\n<li>DRA. MARIA HERNANDEZ VILARASA<\/li>\n<li>DRA. ISABEL MARTIN<\/li>\n<li>DR. JOSE M\u00aa. MARTINEZ TENA<\/li>\n<li>DRA. ROSANA MU\u00d1IZ OZORES<\/li>\n<li>DR. JUAN MANUEL NU\u00d1EZ MARTI<\/li>\n<li>DR. JOSE IGNACIO ZALBA ELIZARI<\/li>\n<\/ul>\n<p>[\/vc_column_text][\/vc_accordion_tab][vc_accordion_tab title=\u00bbVI Promoci\u00f3n M\u00e1ster Prostodoncia y oclusi\u00f3n\u00bb][vc_column_text]<\/p>\n<ul>\n<li>DRA. PILAR BROTONS SANCHEZ<\/li>\n<li>DR. JOSE ANT.CARRASCO<\/li>\n<li>DRA.CHARO DIEZ DIEZ<\/li>\n<li>DRA. ROCIO GARCIA PINTO<\/li>\n<li>DRA. ARELIS GONDIN<\/li>\n<li>DRA. SANDRA CAROLINA GONZALEZ CHIA<\/li>\n<li>DR. VICENTE JORNET GARCIA<\/li>\n<li>DR. CLAUDIO LOIDI YURRITA<\/li>\n<li>DR. JAVIER LUCAS AZORIN<\/li>\n<li>DR. PEDRO MAZON ESTEVE<\/li>\n<li>DR. SALVADOR MORANT<\/li>\n<li>DRA. CARMEN MOZAS PEREZ<\/li>\n<li>DRA. MARGARITA OLABARRIA<\/li>\n<li>DRA. ISABEL PEREZ GASPAR<\/li>\n<li>DR. GIOVANNY RESTREPO<\/li>\n<li>DRA. M\u00aa ISABEL RIVERA VEGA<\/li>\n<li>DRA. NOELIA RODRIGUEZ FLORES<\/li>\n<li>DRA. LUCIA ROJAS MORANTE<\/li>\n<li>DRA. ISABEL SANCHIS VERCHER<\/li>\n<\/ul>\n<p>[\/vc_column_text][\/vc_accordion_tab][vc_accordion_tab title=\u00bbV Promoci\u00f3n M\u00e1ster Prostodoncia y oclusi\u00f3n\u00bb][vc_column_text]<\/p>\n<ul>\n<li>DRA. MERCEDES ARNAS RODRIGUEZ<\/li>\n<li>DRA. SILVIA CORREA CASTELO<\/li>\n<li>DR. ARMANDO ESTEFANIA FERNANDEZ<\/li>\n<li>DR. JUAN FERREIRA CARBALLO<\/li>\n<li>DRA. NANCY FERRERO BARRUECO<\/li>\n<li>DR. JOSE IGNACIO FRIAS JIMENEZ<\/li>\n<li>DR. RICARDO ANTONIO GOMES<\/li>\n<li>DR. FELIX GONZALEZ CALVO<\/li>\n<li>DR. ANIBAL IUM<\/li>\n<li>DRA. ANDREADEL CARMENLEMUS OROZCO<\/li>\n<li>DR. ROGERIO NOGUEIRA PORTO<\/li>\n<li>DR. EDUARDO PAGLIAI<\/li>\n<li>DRA. MARAVILLAS PALACIO OCHOA<\/li>\n<li>DR. JOSE PARDI\u00d1AS ARIAS<\/li>\n<li>DRA. NOELIA RODENAS ROSA<\/li>\n<li>DR. FERNANDO RUEDA LANCHEROS<\/li>\n<li>DRA. CARMEN RUIZ DE CLAVIJO CIRAJAS<\/li>\n<li>DRA. RAQUEL SANZ MARINAS<\/li>\n<li>DRA. SUSANA SASTREDA SILVA<\/li>\n<li>DRA. PAOLA LETICIA ZAHONEK OCAMPO<\/li>\n<\/ul>\n<p>[\/vc_column_text][\/vc_accordion_tab][vc_accordion_tab title=\u00bbIV Promoci\u00f3n M\u00e1ster Prostodoncia y oclusi\u00f3n\u00bb][vc_column_text]<\/p>\n<ul>\n<li>DRA. ANA ACIEN REYES<\/li>\n<li>DRA. RAQUELARCEDUBOIS<\/li>\n<li>DR. JOSE MANUEL CAMPOS ROMERO<\/li>\n<li>DR. EMILIO GARCIA CRUZ<\/li>\n<li>DR. EUSEBIO GARCIAMU\u00d1OZ<\/li>\n<li>DR. VICTOR MANEUL LONGOBARDI CORREA<\/li>\n<li>DRA. EVA MARTINEZ MORENO<\/li>\n<li>DR. NORMAMILANE DIAZ<\/li>\n<li>DRA. SILVIA MORENO BOLARIN<\/li>\n<li>DRA. MARAVILLAS PALACIOS OCHOA<\/li>\n<li>DRA. CELINA PONTIGO ROCES<\/li>\n<li>DR. MARIO SACHICA BERNAL<\/li>\n<li>DR. SALVADOR SALES GALLEN<\/li>\n<li>DR. LEOPOLDO ARIEL VIGNOLO BALDUZZI<\/li>\n<\/ul>\n<p>[\/vc_column_text][\/vc_accordion_tab][vc_accordion_tab title=\u00bbIII Promoci\u00f3n M\u00e1ster Prostodoncia y oclusi\u00f3n\u00bb][vc_column_text]<\/p>\n<ul>\n<li>DR. CLAUDIO BANDEIRA DE MELLO<\/li>\n<li>DR. RICARDO BARCENILLA<\/li>\n<li>DR. JOSE VICENTE BORRAS CUARTERO<\/li>\n<li>DRA. CARMEN CIRAJAS MARCO<\/li>\n<li>DR. FERNANDO COPANY PEREZ<\/li>\n<li>DR. MANSUL ELIASBITTAR<\/li>\n<li>DR. GERARDOGEUNA<\/li>\n<li>DR. LEOPOLDO LUIZ ARAUJO<\/li>\n<li>DR. JORGELUIS MARGHERITIS<\/li>\n<li>DR. PAULO MONTERO FREITAS JUNIOR<\/li>\n<li>DRA.M\u00aa JESUS MU\u00d1OZ BISSIED<\/li>\n<li>R. WELLINGTON NADER<\/li>\n<li>DR. WLATER PIERROBOMDR.<\/li>\n<li>JUAN CARLOS SILVA DOCMAC<\/li>\n<li>DR. ALBERTO MANUEL TEZZA COURTEAU<\/li>\n<li>DR.MANUEL ZARAGOZA PE\u00d1ALVER<\/li>\n<\/ul>\n<p>[\/vc_column_text][\/vc_accordion_tab][vc_accordion_tab title=\u00bbII Promoci\u00f3n M\u00e1ster Prostodoncia y oclusi\u00f3n\u00bb][vc_column_text]<\/p>\n<ul>\n<li>DR. LUIS MIGUEL ABADIA GAUNA<\/li>\n<li>DR. CESAREO ALVAREZLAGO<\/li>\n<li>DR.DANIL ARGOMANIZ ORTEGA<\/li>\n<li>DR. RAMON BILBAO ARZAMENDI<\/li>\n<li>DRA. CARMENCARNICERO SANTIAGO<\/li>\n<li>DR. JUAN JOSE CORRALES JIMENEZ<\/li>\n<li>DR. PASCUAL FORTU\u00d1O ESCUDER<\/li>\n<li>DR. PEDRO JARE\u00d1O RUIZ<\/li>\n<li>DR. RICARDO LOPEZ CARMONA<\/li>\n<li>DR. HERNAN LOPEZ RUBIN<\/li>\n<li>DR. ENESTO MONTA\u00d1ES MONTA\u00d1EZ<\/li>\n<li>DR. LUIS OLALDE ARBIDE<\/li>\n<li>DR. PABLO ORTEGA MARTINEZ<\/li>\n<li>DR.DAVID SPINOLA SERRANO<\/li>\n<li>DRA. ANA VAZQUEZ<\/li>\n<\/ul>\n<p>[\/vc_column_text][\/vc_accordion_tab][vc_accordion_tab title=\u00bbI Promoci\u00f3n M\u00e1ster Prostodoncia y oclusi\u00f3n\u00bb][vc_column_text]<\/p>\n<ul>\n<li>DR. JACOBO ALVAREZ<\/li>\n<li>DR. ALFONSO ALVAREZ-VALDES FLORES<\/li>\n<li>DR. MARCELO BUELGA CUETOS<\/li>\n<li>DR. DANIEL GURPEGUI VIRTO<\/li>\n<li>DR. FCO JAVIER IDALGO TALLON<\/li>\n<li>DR. MANUEL JOSE MARIN MORALES<\/li>\n<li>DR.JOSE RAMON MOLINOS GRANADA<\/li>\n<li>DR. ANDRES ROCA HERNANDEZ<\/li>\n<li>DR. FERNANDO SACRISTAN MOLPECERES<\/li>\n<li>DR. FRANCISCO SADA GARRALDA<\/li>\n<li>DR. EMILIO SANCHEZ TALAVERANO<\/li>\n<li>DR. JAVIER SOLA ALONSO<\/li>\n<\/ul>\n<p>[\/vc_column_text][\/vc_accordion_tab][\/vc_accordion][\/vc_column][\/vc_row]<\/p>\n","protected":false},"excerpt":{"rendered":"<p>[vc_row css_animation=\u00bb\u00bb row_type=\u00bbrow\u00bb use_row_as_full_screen_section=\u00bbno\u00bb type=\u00bbfull_width\u00bb angled_section=\u00bbno\u00bb text_align=\u00bbleft\u00bb background_image_as_pattern=\u00bbwithout_pattern\u00bb][vc_column width=\u00bb1\/4&#8243;][\/vc_column][vc_column width=\u00bb3\/4&#8243;][vc_column_text] Promociones M\u00e1ster Prostodoncia y Oclusi\u00f3n [\/vc_column_text][vc_empty_space][vc_accordion active_tab=\u00bbfalse\u00bb collapsible=\u00bbyes\u00bb style=\u00bbaccordion\u00bb][vc_accordion_tab title=\u00bbXIX Promoci\u00f3n M\u00e1ster Prostodoncia y oclusi\u00f3n\u00bb][vc_column_text] Jonathan Cusinato Ballest\u00e9 Elisa Isabel Bru Navarro Addys de R\u00edoPe\u00f3n Gozaine Fanarraga Yuste Miriam Galea Zamora Guillermo Garcia Pardellas Marta&#8230;<\/p>\n","protected":false},"author":1,"featured_media":0,"parent":16247,"menu_order":0,"comment_status":"closed","ping_status":"closed","template":"","meta":[],"_links":{"self":[{"href":"http:\/\/esorib.com\/index.php\/wp-json\/wp\/v2\/pages\/16255"}],"collection":[{"href":"http:\/\/esorib.com\/index.php\/wp-json\/wp\/v2\/pages"}],"about":[{"href":"http:\/\/esorib.com\/index.php\/wp-json\/wp\/v2\/types\/page"}],"author":[{"embeddable":true,"href":"http:\/\/esorib.com\/index.php\/wp-json\/wp\/v2\/users\/1"}],"replies":[{"embeddable":true,"href":"http:\/\/esorib.com\/index.php\/wp-json\/wp\/v2\/comments?post=16255"}],"version-history":[{"count":14,"href":"http:\/\/esorib.com\/index.php\/wp-json\/wp\/v2\/pages\/16255\/revisions"}],"predecessor-version":[{"id":17632,"href":"http:\/\/esorib.com\/index.php\/wp-json\/wp\/v2\/pages\/16255\/revisions\/17632"}],"up":[{"embeddable":true,"href":"http:\/\/esorib.com\/index.php\/wp-json\/wp\/v2\/pages\/16247"}],"wp:attachment":[{"href":"http:\/\/esorib.com\/index.php\/wp-json\/wp\/v2\/media?parent=16255"}],"curies":[{"name":"wp","href":"https:\/\/api.w.org\/{rel}","templated":true}]}}