{"id":16238,"date":"2017-07-20T11:46:41","date_gmt":"2017-07-20T11:46:41","guid":{"rendered":"http:\/\/esorib.com\/?page_id=16238"},"modified":"2025-10-14T13:58:47","modified_gmt":"2025-10-14T13:58:47","slug":"quienes-somos","status":"publish","type":"page","link":"https:\/\/esorib.com\/index.php\/quienes-somos\/","title":{"rendered":"Quienes Somos"},"content":{"rendered":"<p>[vc_row css_animation=\u00bb\u00bb row_type=\u00bbrow\u00bb use_row_as_full_screen_section=\u00bbyes\u00bb type=\u00bbgrid\u00bb angled_section=\u00bbno\u00bb text_align=\u00bbleft\u00bb background_image_as_pattern=\u00bbwithout_pattern\u00bb background_color=\u00bb#e2e2e2&#8243;][vc_column][vc_column_text css=\u00bb.vc_custom_1515601813651{padding-top: 15px !important;padding-bottom: 15px !important;}\u00bb]<\/p>\n<h3>Objeto Social<\/h3>\n<p>[\/vc_column_text][\/vc_column][\/vc_row][vc_row css_animation=\u00bb\u00bb row_type=\u00bbrow\u00bb use_row_as_full_screen_section=\u00bbno\u00bb type=\u00bbgrid\u00bb angled_section=\u00bbno\u00bb text_align=\u00bbleft\u00bb background_image_as_pattern=\u00bbwithout_pattern\u00bb][vc_column width=\u00bb2\/3&#8243;][vc_separator type=\u00bbtransparent\u00bb up=\u00bb40&#8243; down=\u00bb0&#8243;][vc_column_text]<\/p>\n<h3>ESORIB<\/h3>\n<p>[\/vc_column_text][vc_separator type=\u00bbsmall\u00bb position=\u00bbleft\u00bb][vc_column_text]<span style=\"font-size: 18pt;\"><strong>E.S.O.R.I.B. S.L.<\/strong><\/span> (European School of\u00a0 Oral Rehabilitation Implantology and Biomaterials) es una asociaci\u00f3n internacional con sede en Plaza Espa\u00f1a, n\u00ba 5, pta. 10\u00aa, Valencia, que tiene por objeto el desarrollo de la Ense\u00f1anza y la Investigaci\u00f3n en Implantolog\u00eda, Ortodoncia y la Rehabilitaci\u00f3n del Aparato Estomatogn\u00e1tico.<br \/>\nPara poder alcanzar estos objetivos, su Organigrama se configura en cuatro grandes divisiones:[\/vc_column_text][vc_separator type=\u00bbtransparent\u00bb up=\u00bb27&#8243; down=\u00bb0&#8243;][vc_column_text]<span style=\"font-size: 18pt;\"><strong>ESORIB<\/strong><\/span> es una asociaci\u00f3n privada, al servicio p\u00fablico, que recauda sus fondos de las cotizaciones de sus alumnos y las aportaciones de las casas comerciales.[\/vc_column_text][vc_separator type=\u00bbtransparent\u00bb up=\u00bb27&#8243; down=\u00bb0&#8243;][vc_column_text]<span style=\"font-size: 18pt;\"><strong>ESORIB<\/strong><\/span> organiza actividades cient\u00edficas en Espa\u00f1a,\u00a0Portugal, Francia, B\u00e9lgica, T\u00fanez, Argentina, M\u00e9xico, Colombia, E.E.U.U., Italia , Cuba y Santo Domingo.[\/vc_column_text][vc_empty_space][\/vc_column][vc_column width=\u00bb1\/3&#8243;][vc_separator type=\u00bbtransparent\u00bb up=\u00bb100&#8243; down=\u00bb0&#8243;][vc_row_inner row_type=\u00bbrow\u00bb type=\u00bbfull_width\u00bb text_align=\u00bbleft\u00bb css_animation=\u00bb\u00bb][vc_column_inner width=\u00bb1\/2&#8243;][vc_btn title=\u00bbAdministraci\u00f3n\u00bb color=\u00bbmulled-wine\u00bb align=\u00bbcenter\u00bb button_block=\u00bbtrue\u00bb custom_onclick=\u00bbtrue\u00bb link=\u00bburl:http%3A%2F%2Fesorib.com%2Findex.php%2Fquienes-somos%2Fadministracion%2F|||\u00bb][\/vc_column_inner][vc_column_inner width=\u00bb1\/2&#8243;][vc_btn title=\u00bbFormaci\u00f3n\u00bb color=\u00bbmulled-wine\u00bb align=\u00bbcenter\u00bb button_block=\u00bbtrue\u00bb custom_onclick=\u00bbtrue\u00bb link=\u00bburl:http%3A%2F%2Fesorib.com%2Findex.php%2Fformacion-y-masteres%2F|||\u00bb][\/vc_column_inner][\/vc_row_inner][\/vc_column][\/vc_row][vc_row css_animation=\u00bb\u00bb row_type=\u00bbrow\u00bb use_row_as_full_screen_section=\u00bbyes\u00bb type=\u00bbgrid\u00bb angled_section=\u00bbno\u00bb text_align=\u00bbleft\u00bb background_image_as_pattern=\u00bbwithout_pattern\u00bb background_color=\u00bb#e2e2e2&#8243;][vc_column][vc_column_text css=\u00bb.vc_custom_1502885396523{padding-top: 15px !important;padding-bottom: 15px !important;}\u00bb]<\/p>\n<h3>Infraestructura<\/h3>\n<p>[\/vc_column_text][\/vc_column][\/vc_row][vc_row css_animation=\u00bb\u00bb row_type=\u00bbrow\u00bb use_row_as_full_screen_section=\u00bbno\u00bb type=\u00bbgrid\u00bb angled_section=\u00bbno\u00bb text_align=\u00bbleft\u00bb background_image_as_pattern=\u00bbwithout_pattern\u00bb padding_top=\u00bb40&#8243;][vc_column][vc_empty_space height=\u00bb10px\u00bb][vc_accordion active_tab=\u00bb0&#8243; collapsible=\u00bbyes\u00bb style=\u00bbtoggle\u00bb][vc_accordion_tab title=\u00bbCFP &#8211; ESORIB &#8211; Castell\u00f3n\u00bb][vc_row_inner row_type=\u00bbrow\u00bb type=\u00bbfull_width\u00bb text_align=\u00bbleft\u00bb css_animation=\u00bb\u00bb][vc_column_inner width=\u00bb1\/4&#8243;][vc_column_text]<strong><em>Calle R\u00edo Adra, 32 Bajo -12006 Castell\u00f3n<\/em><\/strong>[\/vc_column_text][\/vc_column_inner][vc_column_inner width=\u00bb1\/4&#8243;][vc_column_text]<strong><em>Tel.: 964 34 17 52\u00a0<\/em><\/strong>[\/vc_column_text][\/vc_column_inner][vc_column_inner width=\u00bb1\/4&#8243;][vc_column_text]<strong><em>E-mail: esoribcfp@esorib.com<\/em><\/strong>[\/vc_column_text][\/vc_column_inner][vc_column_inner width=\u00bb1\/4&#8243;][vc_btn title=\u00bbVer Localizaci\u00f3n\u00bb color=\u00bbprimary\u00bb size=\u00bbsm\u00bb align=\u00bbcenter\u00bb link=\u00bburl:https%3A%2F%2Fwww.google.com%2Fmaps%3Fll%3D39.977292%2C-0.053739%26z%3D16%26t%3Dm%26hl%3Des-ES%26gl%3DES%26mapclient%3Dembed%26q%3DCarrer%2Bdel%2BRiu%2BAdra%2C%2B32%2B12006%2BCastell%25C3%25B3%2Bde%2Bla%2BPlana%2BCastell%25C3%25B3||target:%20_blank|\u00bb][\/vc_column_inner][\/vc_row_inner][\/vc_accordion_tab][\/vc_accordion][vc_empty_space height=\u00bb40px\u00bb][\/vc_column][\/vc_row][vc_row css_animation=\u00bb\u00bb row_type=\u00bbrow\u00bb use_row_as_full_screen_section=\u00bbyes\u00bb type=\u00bbgrid\u00bb angled_section=\u00bbno\u00bb text_align=\u00bbleft\u00bb background_image_as_pattern=\u00bbwithout_pattern\u00bb background_color=\u00bb#e2e2e2&#8243;][vc_column][vc_column_text css=\u00bb.vc_custom_1502885474514{padding-top: 15px !important;padding-bottom: 15px !important;}\u00bb]<\/p>\n<h3>Directores<\/h3>\n<p>[\/vc_column_text][\/vc_column][\/vc_row][vc_row css_animation=\u00bb\u00bb row_type=\u00bbrow\u00bb use_row_as_full_screen_section=\u00bbno\u00bb type=\u00bbgrid\u00bb angled_section=\u00bbno\u00bb text_align=\u00bbleft\u00bb background_image_as_pattern=\u00bbwithout_pattern\u00bb padding_top=\u00bb40&#8243;][vc_column][vc_empty_space height=\u00bb10px\u00bb][vc_row_inner row_type=\u00bbrow\u00bb type=\u00bbfull_width\u00bb text_align=\u00bbleft\u00bb css_animation=\u00bb\u00bb][vc_column_inner width=\u00bb1\/4&#8243;][vc_text_separator title=\u00bbESPA\u00d1A\u00bb border=\u00bbno\u00bb][vc_column_text]<\/p>\n<p style=\"text-align: center;\"><b><span style=\"font-family: Arial;\">Jose F. Ballester Ferrandis<\/span><\/b><\/p>\n<p>[\/vc_column_text][\/vc_column_inner][\/vc_row_inner][vc_empty_space height=\u00bb40px\u00bb][\/vc_column][\/vc_row][vc_row css_animation=\u00bb\u00bb row_type=\u00bbrow\u00bb use_row_as_full_screen_section=\u00bbyes\u00bb type=\u00bbgrid\u00bb angled_section=\u00bbno\u00bb text_align=\u00bbleft\u00bb background_image_as_pattern=\u00bbwithout_pattern\u00bb background_color=\u00bb#e2e2e2&#8243;][vc_column][vc_column_text css=\u00bb.vc_custom_1502885768752{padding-top: 15px !important;padding-bottom: 15px !important;}\u00bb]<\/p>\n<h3>Claustro de Profesores<\/h3>\n<p>[\/vc_column_text][\/vc_column][\/vc_row][vc_row css_animation=\u00bb\u00bb row_type=\u00bbrow\u00bb use_row_as_full_screen_section=\u00bbno\u00bb type=\u00bbgrid\u00bb angled_section=\u00bbno\u00bb text_align=\u00bbleft\u00bb background_image_as_pattern=\u00bbwithout_pattern\u00bb padding_top=\u00bb40&#8243;][vc_column][vc_empty_space height=\u00bb10px\u00bb][vc_accordion active_tab=\u00bbfalse\u00bb collapsible=\u00bbyes\u00bb style=\u00bbaccordion\u00bb][vc_accordion_tab title=\u00bbVer Claustro de Profesores\u00bb][vc_text_separator title=\u00bbESPA\u00d1A\u00bb border=\u00bbno\u00bb background_color=\u00bb#4aa775&#8243;][vc_empty_space height=\u00bb20px\u00bb][vc_row_inner row_type=\u00bbrow\u00bb type=\u00bbfull_width\u00bb text_align=\u00bbleft\u00bb css_animation=\u00bb\u00bb css=\u00bb.vc_custom_1502886239640{margin-bottom: 20px !important;}\u00bb][vc_column_inner width=\u00bb1\/4&#8243;][vc_single_image image=\u00bb17391&#8243; img_size=\u00bbfull\u00bb qode_css_animation=\u00bb\u00bb][vc_column_text]<b>Dr. J.F. Ballester\u00a0<\/b>(Espa\u00f1a)<br \/>\nM\u00e9dico Estomat\u00f3logo. Cirujano Maxilar. Valencia.\u00a0Pr\u00e1ctica privada en Implantolog\u00eda y Cirug\u00eda Oral.\u00a0Responsable del Progr. de Formaci\u00f3n Continuada de la Universidad de Nueva York en Espa\u00f1a.[\/vc_column_text][\/vc_column_inner][\/vc_row_inner][\/vc_accordion_tab][\/vc_accordion][\/vc_column][\/vc_row]<\/p>\n","protected":false},"excerpt":{"rendered":"<p>[vc_row css_animation=\u00bb\u00bb row_type=\u00bbrow\u00bb use_row_as_full_screen_section=\u00bbyes\u00bb type=\u00bbgrid\u00bb angled_section=\u00bbno\u00bb text_align=\u00bbleft\u00bb background_image_as_pattern=\u00bbwithout_pattern\u00bb background_color=\u00bb#e2e2e2&#8243;][vc_column][vc_column_text css=\u00bb.vc_custom_1515601813651{padding-top: 15px !important;padding-bottom: 15px !important;}\u00bb] Objeto Social [\/vc_column_text][\/vc_column][\/vc_row][vc_row css_animation=\u00bb\u00bb row_type=\u00bbrow\u00bb use_row_as_full_screen_section=\u00bbno\u00bb type=\u00bbgrid\u00bb angled_section=\u00bbno\u00bb text_align=\u00bbleft\u00bb background_image_as_pattern=\u00bbwithout_pattern\u00bb][vc_column width=\u00bb2\/3&#8243;][vc_separator type=\u00bbtransparent\u00bb up=\u00bb40&#8243; down=\u00bb0&#8243;][vc_column_text] ESORIB [\/vc_column_text][vc_separator type=\u00bbsmall\u00bb position=\u00bbleft\u00bb][vc_column_text]E.S.O.R.I.B. S.L. (European School of\u00a0 Oral Rehabilitation Implantology and Biomaterials) es una asociaci\u00f3n internacional&#8230;<\/p>\n","protected":false},"author":1,"featured_media":0,"parent":0,"menu_order":0,"comment_status":"closed","ping_status":"closed","template":"full_width.php","meta":[],"_links":{"self":[{"href":"https:\/\/esorib.com\/index.php\/wp-json\/wp\/v2\/pages\/16238"}],"collection":[{"href":"https:\/\/esorib.com\/index.php\/wp-json\/wp\/v2\/pages"}],"about":[{"href":"https:\/\/esorib.com\/index.php\/wp-json\/wp\/v2\/types\/page"}],"author":[{"embeddable":true,"href":"https:\/\/esorib.com\/index.php\/wp-json\/wp\/v2\/users\/1"}],"replies":[{"embeddable":true,"href":"https:\/\/esorib.com\/index.php\/wp-json\/wp\/v2\/comments?post=16238"}],"version-history":[{"count":22,"href":"https:\/\/esorib.com\/index.php\/wp-json\/wp\/v2\/pages\/16238\/revisions"}],"predecessor-version":[{"id":19027,"href":"https:\/\/esorib.com\/index.php\/wp-json\/wp\/v2\/pages\/16238\/revisions\/19027"}],"wp:attachment":[{"href":"https:\/\/esorib.com\/index.php\/wp-json\/wp\/v2\/media?parent=16238"}],"curies":[{"name":"wp","href":"https:\/\/api.w.org\/{rel}","templated":true}]}}