{"id":17242,"date":"2017-08-09T10:51:24","date_gmt":"2017-08-09T10:51:24","guid":{"rendered":"http:\/\/esorib.com\/?page_id=17242"},"modified":"2017-09-04T10:16:06","modified_gmt":"2017-09-04T10:16:06","slug":"formularios-para-obtencion-de-creditos-de-formacion-continua","status":"publish","type":"page","link":"https:\/\/esorib.com\/index.php\/labor-dental-formacion-continuada\/formularios-para-obtencion-de-creditos-de-formacion-continua\/","title":{"rendered":"Formularios para Obtenci\u00f3n de Cr\u00e9ditos de Formaci\u00f3n Continua"},"content":{"rendered":"","protected":true},"excerpt":{"rendered":"","protected":true},"author":1,"featured_media":0,"parent":17239,"menu_order":0,"comment_status":"closed","ping_status":"closed","template":"","meta":[],"_links":{"self":[{"href":"https:\/\/esorib.com\/index.php\/wp-json\/wp\/v2\/pages\/17242"}],"collection":[{"href":"https:\/\/esorib.com\/index.php\/wp-json\/wp\/v2\/pages"}],"about":[{"href":"https:\/\/esorib.com\/index.php\/wp-json\/wp\/v2\/types\/page"}],"author":[{"embeddable":true,"href":"https:\/\/esorib.com\/index.php\/wp-json\/wp\/v2\/users\/1"}],"replies":[{"embeddable":true,"href":"https:\/\/esorib.com\/index.php\/wp-json\/wp\/v2\/comments?post=17242"}],"version-history":[{"count":14,"href":"https:\/\/esorib.com\/index.php\/wp-json\/wp\/v2\/pages\/17242\/revisions"}],"predecessor-version":[{"id":17886,"href":"https:\/\/esorib.com\/index.php\/wp-json\/wp\/v2\/pages\/17242\/revisions\/17886"}],"up":[{"embeddable":true,"href":"https:\/\/esorib.com\/index.php\/wp-json\/wp\/v2\/pages\/17239"}],"wp:attachment":[{"href":"https:\/\/esorib.com\/index.php\/wp-json\/wp\/v2\/media?parent=17242"}],"curies":[{"name":"wp","href":"https:\/\/api.w.org\/{rel}","templated":true}]}}